{"id":146,"date":"2024-09-11T11:50:23","date_gmt":"2024-09-11T11:50:23","guid":{"rendered":"https:\/\/acousticmaterials.nl\/?page_id=146"},"modified":"2024-11-16T09:32:57","modified_gmt":"2024-11-16T09:32:57","slug":"am-isowol","status":"publish","type":"page","link":"https:\/\/acousticmaterials.nl\/index.php\/am-isowol\/","title":{"rendered":"AM Isowol"},"content":{"rendered":"\n<div class=\"wp-block-group alignfull has-contrast-color has-base-background-color has-text-color has-background has-link-color wp-elements-936ffb2e3576b24ff50824dd04e47e30 has-global-padding is-layout-constrained wp-container-core-group-is-layout-669513ed wp-block-group-is-layout-constrained\" style=\"margin-top:0;margin-bottom:0;padding-top:var(--wp--preset--spacing--50);padding-right:var(--wp--preset--spacing--50);padding-bottom:var(--wp--preset--spacing--50);padding-left:var(--wp--preset--spacing--50)\">\n<div class=\"wp-block-columns alignwide is-layout-flex wp-container-core-columns-is-layout-28f84493 wp-block-columns-is-layout-flex\">\n<div class=\"wp-block-column is-layout-flow wp-block-column-is-layout-flow\" style=\"flex-basis:60%\">\n<p class=\"has-heading-font-family has-x-large-font-size\" style=\"line-height:1.2\">AM Isolwol is een akoestisch en thermisch isolatiemateriaal bestaande uit een elastomeer barri\u00e8re met hoge dichtheid met een laag van 100 % thermisch verbonden en geregenereerde vezels (polyesterwol).<\/p>\n<\/div>\n\n\n\n<div class=\"wp-block-column is-layout-flow wp-block-column-is-layout-flow\" style=\"flex-basis:40%\">\n<figure class=\"wp-block-image alignright size-full is-resized\"><img loading=\"lazy\" decoding=\"async\" width=\"600\" height=\"425\" src=\"https:\/\/acousticmaterials.nl\/wp-content\/uploads\/2024\/09\/AM-Isowol.jpg\" alt=\"\" class=\"wp-image-210\" style=\"width:380px;height:auto\" srcset=\"https:\/\/acousticmaterials.nl\/wp-content\/uploads\/2024\/09\/AM-Isowol.jpg 600w, https:\/\/acousticmaterials.nl\/wp-content\/uploads\/2024\/09\/AM-Isowol-300x213.jpg 300w\" sizes=\"auto, (max-width: 600px) 100vw, 600px\" \/><\/figure>\n<\/div>\n<\/div>\n\n\n\n<div style=\"height:var(--wp--preset--spacing--40)\" aria-hidden=\"true\" class=\"wp-block-spacer\"><\/div>\n<\/div>\n\n\n\n<div class=\"wp-block-group alignfull has-base-color has-contrast-background-color has-text-color has-background has-link-color wp-elements-968f97705d9978dbebdcffbfa872cd24 has-global-padding is-layout-constrained wp-container-core-group-is-layout-d89aad35 wp-block-group-is-layout-constrained\" style=\"margin-top:0;margin-bottom:0;padding-top:var(--wp--preset--spacing--50);padding-right:var(--wp--preset--spacing--50);padding-bottom:var(--wp--preset--spacing--50);padding-left:var(--wp--preset--spacing--50)\">\n<div class=\"wp-block-columns alignwide is-layout-flex wp-container-core-columns-is-layout-549b0c86 wp-block-columns-is-layout-flex\">\n<div class=\"wp-block-column has-global-padding is-content-justification-left is-layout-constrained wp-container-core-column-is-layout-4f15e8fe wp-block-column-is-layout-constrained\" style=\"flex-basis:40%\"><\/div>\n\n\n\n<div class=\"wp-block-column is-layout-flow wp-container-core-column-is-layout-119bc444 wp-block-column-is-layout-flow\" style=\"flex-basis:60%\">\n<p class=\"has-heading-font-family has-x-large-font-size\" style=\"line-height:1.2\">De elastomeer barri\u00e8re in AM Isolwol is ontworpen om geluidsgolven effectief te blokkeren en te absorberen.<\/p>\n\n\n\n<div class=\"wp-block-columns is-layout-flex wp-container-core-columns-is-layout-87beb0d0 wp-block-columns-is-layout-flex\">\n<div class=\"wp-block-column is-layout-flow wp-block-column-is-layout-flow\">\n<p class=\"wp-container-content-9cfa9a5a\">Dit helpt om geluidslekken bij rioolafvoeren, hemelwaterafvoeren en granulaatleidingen te minimaliseren en zorgt voor een stille en serene omgeving, ongeacht de bron van geluid. De combinatie met de polyestervezels versterkt deze eigenschap, waardoor AM Isolwol bijzonder effectief is in het verminderen van omgevingsgeluiden en het voorkomen van geluidsoverlast.<\/p>\n<\/div>\n\n\n\n<div class=\"wp-block-column is-layout-flow wp-block-column-is-layout-flow\">\n<p>Naast zijn akoestische voordelen, biedt AM Isolwol ook uitstekende thermische isolatie. De thermisch gebonden polyestervezels vormen een effici\u00ebnte barri\u00e8re tegen warmteverlies, waardoor de energie-effici\u00ebntie van gebouwen wordt verbeterd. Dit kan bijdragen aan lagere verwarmings- en koelingskosten, wat niet alleen economisch voordelig is, maar ook milieuvriendelijk.<\/p>\n<\/div>\n<\/div>\n<\/div>\n<\/div>\n<\/div>\n\n\n\n<div class=\"wp-block-group alignfull has-base-2-background-color has-background has-global-padding is-layout-constrained wp-container-core-group-is-layout-7cd14b77 wp-block-group-is-layout-constrained\" style=\"margin-top:0;margin-bottom:0;padding-top:var(--wp--preset--spacing--60);padding-right:var(--wp--preset--spacing--60);padding-bottom:var(--wp--preset--spacing--60);padding-left:var(--wp--preset--spacing--60)\">\n<div class=\"wp-block-group alignwide is-layout-flow wp-block-group-is-layout-flow\">\n<p class=\"has-text-align-left has-heading-font-family has-x-large-font-size\" style=\"font-style:normal;font-weight:400;line-height:1.2\">AM Isolwol wordt veelvuldig toegepast in diverse bouwkundige en technische installaties, met name in situaties waar zowel geluids- als warmte-isolatie van belang zijn.<\/p>\n<\/div>\n<\/div>\n\n\n\n<div class=\"wp-block-group alignfull has-contrast-color has-base-background-color has-text-color has-background has-link-color wp-elements-e3dabb419b64a0bcdf462b7606a65cbf has-global-padding is-layout-constrained wp-container-core-group-is-layout-facafb6f wp-block-group-is-layout-constrained\" style=\"margin-top:0;margin-bottom:0;padding-top:var(--wp--preset--spacing--50);padding-right:var(--wp--preset--spacing--50);padding-bottom:var(--wp--preset--spacing--50);padding-left:var(--wp--preset--spacing--50)\">\n<div class=\"wp-block-columns alignwide is-layout-flex wp-container-core-columns-is-layout-d1c656ed wp-block-columns-is-layout-flex\">\n<div class=\"wp-block-column is-vertically-aligned-stretch is-layout-flow wp-block-column-is-layout-flow\" style=\"padding-right:0;flex-basis:60%\">\n<div class=\"wp-block-group is-vertical is-content-justification-stretch is-layout-flex wp-container-core-group-is-layout-ae24f51d wp-block-group-is-layout-flex\" style=\"min-height:100%\">\n<p class=\"has-medium-font-size\">&#8220;De vezels zijn thermisch gebonden, wat niet alleen de duurzaamheid en levensduur van het materiaal verhoogt, maar ook zorgt voor een stabiele structuur die niet snel inzakt of zijn isolerende eigenschappen verliest.&#8221; <br>&#8211;   B. van Bazel<\/p>\n<\/div>\n<\/div>\n\n\n\n<div class=\"wp-block-column is-layout-flow wp-block-column-is-layout-flow\" style=\"flex-basis:40%\">\n<div class=\"wp-block-group has-global-padding is-layout-constrained wp-block-group-is-layout-constrained\">\n<p class=\"has-large-font-size\" style=\"font-style:normal;font-weight:500;line-height:1.2\">In systemen voor hemelwaterafvoer helpt AM Isolwol om het geluid van stromend water door leidingen te dempen. Dit is vooral belangrijk in gebouwen met meerdere verdiepingen waar de geluiden van waterafvoer anders storend kunnen zijn.<\/p>\n\n\n\n<div class=\"wp-block-group is-layout-flow wp-block-group-is-layout-flow\">\n<p class=\"has-medium-font-size\">Bij rioolinstallaties speelt AM Isolwol een cruciale rol in het verminderen van geluidsoverlast veroorzaakt door stromend water en afvoeren. Het materiaal omhult de leidingen en voorkomt dat geluid zich door muren en vloeren verspreidt, wat bijdraagt aan een comfortabelere leef- en werkomgeving.<\/p>\n\n\n\n<p>AM Isolwol is een veelzijdig isolatiemateriaal dat niet alleen uitstekende akoestische en thermische prestaties levert, maar ook milieuvriendelijk en duurzaam is. Dankzij de combinatie van een elastomeer barri\u00e8re met hoge dichtheid en 100% geregenereerde polyestervezels, is AM Isolwol een betrouwbare oplossing voor toepassingen in onder andere hemelwaterafvoer- en rioolsystemen, waar het een stille, energie-effici\u00ebnte en comfortabele omgeving bevordert.<\/p>\n<\/div>\n<\/div>\n<\/div>\n<\/div>\n<\/div>\n\n\n\n<p><\/p>\n","protected":false},"excerpt":{"rendered":"<p>AM Isolwol is een akoestisch en thermisch isolatiemateriaal bestaande uit een elastomeer barri\u00e8re met hoge dichtheid met een laag van 100 % thermisch verbonden en geregenereerde vezels (polyesterwol). De elastomeer barri\u00e8re in AM Isolwol is ontworpen om geluidsgolven effectief te blokkeren en te absorberen. Dit helpt om geluidslekken bij rioolafvoeren, hemelwaterafvoeren en granulaatleidingen te minimaliseren [&hellip;]<\/p>\n","protected":false},"author":2,"featured_media":0,"parent":0,"menu_order":0,"comment_status":"closed","ping_status":"closed","template":"","meta":{"footnotes":""},"class_list":["post-146","page","type-page","status-publish","hentry"],"yoast_head":"<!-- This site is optimized with the Yoast SEO plugin v23.4 - https:\/\/yoast.com\/wordpress\/plugins\/seo\/ -->\n<title>AM Isowol - Acousticmaterials<\/title>\n<meta name=\"description\" content=\"AM Isolwol wordt veelvuldig toegepast in diverse bouwkundige en technische installaties, met name in situaties waar zowel geluids- als warmte-isolatie van belang zijn.\" \/>\n<meta name=\"robots\" content=\"index, follow, max-snippet:-1, max-image-preview:large, max-video-preview:-1\" \/>\n<link rel=\"canonical\" href=\"https:\/\/acousticmaterials.nl\/index.php\/am-isowol\/\" \/>\n<meta property=\"og:locale\" content=\"nl_NL\" \/>\n<meta property=\"og:type\" content=\"article\" \/>\n<meta property=\"og:title\" content=\"AM Isowol - Acousticmaterials\" \/>\n<meta property=\"og:description\" content=\"AM Isolwol wordt veelvuldig toegepast in diverse bouwkundige en technische installaties, met name in situaties waar zowel geluids- als warmte-isolatie van belang zijn.\" \/>\n<meta property=\"og:url\" content=\"https:\/\/acousticmaterials.nl\/index.php\/am-isowol\/\" \/>\n<meta property=\"og:site_name\" content=\"Acousticmaterials\" \/>\n<meta property=\"article:modified_time\" content=\"2024-11-16T09:32:57+00:00\" \/>\n<meta property=\"og:image\" content=\"https:\/\/acousticmaterials.nl\/wp-content\/uploads\/2024\/09\/AM-Isowol.jpg\" \/>\n<meta name=\"twitter:card\" content=\"summary_large_image\" \/>\n<meta name=\"twitter:label1\" content=\"Geschatte leestijd\" \/>\n\t<meta name=\"twitter:data1\" content=\"2 minuten\" \/>\n<script type=\"application\/ld+json\" class=\"yoast-schema-graph\">{\"@context\":\"https:\/\/schema.org\",\"@graph\":[{\"@type\":\"WebPage\",\"@id\":\"https:\/\/acousticmaterials.nl\/index.php\/am-isowol\/\",\"url\":\"https:\/\/acousticmaterials.nl\/index.php\/am-isowol\/\",\"name\":\"AM Isowol - Acousticmaterials\",\"isPartOf\":{\"@id\":\"https:\/\/acousticmaterials.nl\/#website\"},\"primaryImageOfPage\":{\"@id\":\"https:\/\/acousticmaterials.nl\/index.php\/am-isowol\/#primaryimage\"},\"image\":{\"@id\":\"https:\/\/acousticmaterials.nl\/index.php\/am-isowol\/#primaryimage\"},\"thumbnailUrl\":\"https:\/\/acousticmaterials.nl\/wp-content\/uploads\/2024\/09\/AM-Isowol.jpg\",\"datePublished\":\"2024-09-11T11:50:23+00:00\",\"dateModified\":\"2024-11-16T09:32:57+00:00\",\"description\":\"AM Isolwol wordt veelvuldig toegepast in diverse bouwkundige en technische installaties, met name in situaties waar zowel geluids- als warmte-isolatie van belang zijn.\",\"breadcrumb\":{\"@id\":\"https:\/\/acousticmaterials.nl\/index.php\/am-isowol\/#breadcrumb\"},\"inLanguage\":\"nl-NL\",\"potentialAction\":[{\"@type\":\"ReadAction\",\"target\":[\"https:\/\/acousticmaterials.nl\/index.php\/am-isowol\/\"]}]},{\"@type\":\"ImageObject\",\"inLanguage\":\"nl-NL\",\"@id\":\"https:\/\/acousticmaterials.nl\/index.php\/am-isowol\/#primaryimage\",\"url\":\"https:\/\/acousticmaterials.nl\/wp-content\/uploads\/2024\/09\/AM-Isowol.jpg\",\"contentUrl\":\"https:\/\/acousticmaterials.nl\/wp-content\/uploads\/2024\/09\/AM-Isowol.jpg\",\"width\":600,\"height\":425},{\"@type\":\"BreadcrumbList\",\"@id\":\"https:\/\/acousticmaterials.nl\/index.php\/am-isowol\/#breadcrumb\",\"itemListElement\":[{\"@type\":\"ListItem\",\"position\":1,\"name\":\"Home\",\"item\":\"https:\/\/acousticmaterials.nl\/\"},{\"@type\":\"ListItem\",\"position\":2,\"name\":\"AM Isowol\"}]},{\"@type\":\"WebSite\",\"@id\":\"https:\/\/acousticmaterials.nl\/#website\",\"url\":\"https:\/\/acousticmaterials.nl\/\",\"name\":\"Acousticmaterials\",\"description\":\"Stilte is onze hoofdzaak.\",\"potentialAction\":[{\"@type\":\"SearchAction\",\"target\":{\"@type\":\"EntryPoint\",\"urlTemplate\":\"https:\/\/acousticmaterials.nl\/?s={search_term_string}\"},\"query-input\":{\"@type\":\"PropertyValueSpecification\",\"valueRequired\":true,\"valueName\":\"search_term_string\"}}],\"inLanguage\":\"nl-NL\"}]}<\/script>\n<!-- \/ Yoast SEO plugin. -->","yoast_head_json":{"title":"AM Isowol - Acousticmaterials","description":"AM Isolwol wordt veelvuldig toegepast in diverse bouwkundige en technische installaties, met name in situaties waar zowel geluids- als warmte-isolatie van belang zijn.","robots":{"index":"index","follow":"follow","max-snippet":"max-snippet:-1","max-image-preview":"max-image-preview:large","max-video-preview":"max-video-preview:-1"},"canonical":"https:\/\/acousticmaterials.nl\/index.php\/am-isowol\/","og_locale":"nl_NL","og_type":"article","og_title":"AM Isowol - Acousticmaterials","og_description":"AM Isolwol wordt veelvuldig toegepast in diverse bouwkundige en technische installaties, met name in situaties waar zowel geluids- als warmte-isolatie van belang zijn.","og_url":"https:\/\/acousticmaterials.nl\/index.php\/am-isowol\/","og_site_name":"Acousticmaterials","article_modified_time":"2024-11-16T09:32:57+00:00","og_image":[{"url":"https:\/\/acousticmaterials.nl\/wp-content\/uploads\/2024\/09\/AM-Isowol.jpg"}],"twitter_card":"summary_large_image","twitter_misc":{"Geschatte leestijd":"2 minuten"},"schema":{"@context":"https:\/\/schema.org","@graph":[{"@type":"WebPage","@id":"https:\/\/acousticmaterials.nl\/index.php\/am-isowol\/","url":"https:\/\/acousticmaterials.nl\/index.php\/am-isowol\/","name":"AM Isowol - Acousticmaterials","isPartOf":{"@id":"https:\/\/acousticmaterials.nl\/#website"},"primaryImageOfPage":{"@id":"https:\/\/acousticmaterials.nl\/index.php\/am-isowol\/#primaryimage"},"image":{"@id":"https:\/\/acousticmaterials.nl\/index.php\/am-isowol\/#primaryimage"},"thumbnailUrl":"https:\/\/acousticmaterials.nl\/wp-content\/uploads\/2024\/09\/AM-Isowol.jpg","datePublished":"2024-09-11T11:50:23+00:00","dateModified":"2024-11-16T09:32:57+00:00","description":"AM Isolwol wordt veelvuldig toegepast in diverse bouwkundige en technische installaties, met name in situaties waar zowel geluids- als warmte-isolatie van belang zijn.","breadcrumb":{"@id":"https:\/\/acousticmaterials.nl\/index.php\/am-isowol\/#breadcrumb"},"inLanguage":"nl-NL","potentialAction":[{"@type":"ReadAction","target":["https:\/\/acousticmaterials.nl\/index.php\/am-isowol\/"]}]},{"@type":"ImageObject","inLanguage":"nl-NL","@id":"https:\/\/acousticmaterials.nl\/index.php\/am-isowol\/#primaryimage","url":"https:\/\/acousticmaterials.nl\/wp-content\/uploads\/2024\/09\/AM-Isowol.jpg","contentUrl":"https:\/\/acousticmaterials.nl\/wp-content\/uploads\/2024\/09\/AM-Isowol.jpg","width":600,"height":425},{"@type":"BreadcrumbList","@id":"https:\/\/acousticmaterials.nl\/index.php\/am-isowol\/#breadcrumb","itemListElement":[{"@type":"ListItem","position":1,"name":"Home","item":"https:\/\/acousticmaterials.nl\/"},{"@type":"ListItem","position":2,"name":"AM Isowol"}]},{"@type":"WebSite","@id":"https:\/\/acousticmaterials.nl\/#website","url":"https:\/\/acousticmaterials.nl\/","name":"Acousticmaterials","description":"Stilte is onze hoofdzaak.","potentialAction":[{"@type":"SearchAction","target":{"@type":"EntryPoint","urlTemplate":"https:\/\/acousticmaterials.nl\/?s={search_term_string}"},"query-input":{"@type":"PropertyValueSpecification","valueRequired":true,"valueName":"search_term_string"}}],"inLanguage":"nl-NL"}]}},"_links":{"self":[{"href":"https:\/\/acousticmaterials.nl\/index.php\/wp-json\/wp\/v2\/pages\/146","targetHints":{"allow":["GET"]}}],"collection":[{"href":"https:\/\/acousticmaterials.nl\/index.php\/wp-json\/wp\/v2\/pages"}],"about":[{"href":"https:\/\/acousticmaterials.nl\/index.php\/wp-json\/wp\/v2\/types\/page"}],"author":[{"embeddable":true,"href":"https:\/\/acousticmaterials.nl\/index.php\/wp-json\/wp\/v2\/users\/2"}],"replies":[{"embeddable":true,"href":"https:\/\/acousticmaterials.nl\/index.php\/wp-json\/wp\/v2\/comments?post=146"}],"version-history":[{"count":7,"href":"https:\/\/acousticmaterials.nl\/index.php\/wp-json\/wp\/v2\/pages\/146\/revisions"}],"predecessor-version":[{"id":271,"href":"https:\/\/acousticmaterials.nl\/index.php\/wp-json\/wp\/v2\/pages\/146\/revisions\/271"}],"wp:attachment":[{"href":"https:\/\/acousticmaterials.nl\/index.php\/wp-json\/wp\/v2\/media?parent=146"}],"curies":[{"name":"wp","href":"https:\/\/api.w.org\/{rel}","templated":true}]}}